{"id":10595,"date":"2022-06-20T13:04:32","date_gmt":"2022-06-20T13:04:32","guid":{"rendered":"https:\/\/assb.edu.rs\/?page_id=10595"},"modified":"2022-09-06T15:32:24","modified_gmt":"2022-09-06T15:32:24","slug":"teaching-staff-the-college-of-hotel-management","status":"publish","type":"page","link":"https:\/\/assb.edu.rs\/en\/teaching-staff-the-college-of-hotel-management\/","title":{"rendered":"The College of Hotel Management"},"content":{"rendered":"\t\t<div data-elementor-type=\"wp-page\" data-elementor-id=\"10595\" class=\"elementor elementor-10595\" data-elementor-post-type=\"page\">\n\t\t\t\t\t\t<section class=\"elementor-section elementor-top-section elementor-element elementor-element-6d1ebce elementor-section-boxed elementor-section-height-default elementor-section-height-default\" data-id=\"6d1ebce\" data-element_type=\"section\">\n\t\t\t\t\t\t<div class=\"elementor-container elementor-column-gap-default\">\n\t\t\t\t\t<div class=\"elementor-column elementor-col-100 elementor-top-column elementor-element elementor-element-841ef8c\" data-id=\"841ef8c\" data-element_type=\"column\">\n\t\t\t<div class=\"elementor-widget-wrap elementor-element-populated\">\n\t\t\t\t\t\t<div class=\"elementor-element elementor-element-307d88c elementor-widget elementor-widget-text-editor\" data-id=\"307d88c\" data-element_type=\"widget\" data-widget_type=\"text-editor.default\">\n\t\t\t\t<div class=\"elementor-widget-container\">\n\t\t\t\t\t\t\t\t\t<table class=\"teaching\">\n<tbody>\n<tr>\n<td><strong>Name and Surname<\/strong><\/td>\n<td><strong>Titles<\/strong><\/td>\n<td><strong>E-mail<\/strong><\/td>\n<\/tr>\n<tr>\n<td><strong>Obren Drljevi\u0107<\/strong>, PhD<\/td>\n<td>Professor of Applied Studies<\/td>\n<td><a href=\"mailto:obren.drljevic@vhs.edu.rs\">obren.drljevic@vhs.edu.rs<\/a><\/td>\n<\/tr>\n<tr>\n<td><strong>Miroslav Kne\u017eevi\u0107<\/strong>, PhD<\/td>\n<td>Professor of Applied Studies<\/td>\n<td><a href=\"mailto:miroslav.knezevic@vhs.edu.rs\">miroslav.knezevic@vhs.edu.rs<\/a><\/td>\n<\/tr>\n<tr>\n<td><strong>Nada Diki\u0107<\/strong>, PhD<\/td>\n<td>Professor of Applied Studies<\/td>\n<td><a href=\"mailto:nada.dikic@vhs.edu.rs\">nada.dikic@vhs.edu.rs<\/a><\/td>\n<\/tr>\n<tr>\n<td><strong>Dragana \u0106amilovi\u0107<\/strong>, PhD<\/td>\n<td>Professor of Applied Studies<\/td>\n<td><a href=\"mailto:dragana.camilovic@vhs.edu.rs\">dragana.camilovic@vhs.edu.rs<\/a><\/td>\n<\/tr>\n<tr>\n<td><strong>Milena Vuki\u0107<\/strong>, PhD<\/td>\n<td>Professor of Applied Studies<\/td>\n<td><a href=\"mailto:milena.vukic@vhs.edu.rs\">milena.vukic@vhs.edu.rs<\/a><\/td>\n<\/tr>\n<tr>\n<td><strong>Ivana Lon\u010dar<\/strong>, PhD<\/td>\n<td>Professor of Applied Studies<\/td>\n<td><a href=\"mailto:ivana.loncar@vhs.edu.rs\">ivana.loncar@vhs.edu.rs<\/a><\/td>\n<\/tr>\n<tr>\n<td><strong>Sa\u0161a Ma\u0161i\u0107<\/strong>, PhD<\/td>\n<td>Professor of Applied Studies<\/td>\n<td><a href=\"mailto:sasa.masic@vhs.edu.rs\">sasa.masic@vhs.edu.rs<\/a><\/td>\n<\/tr>\n<tr>\n<td><strong>Andrea \u017deraji\u0107<\/strong>, PhD<\/td>\n<td>Professor of Applied Studies<\/td>\n<td><a href=\"mailto:andrea.zerajic@vhs.edu.rs\">andrea.zerajic@vhs.edu.rs<\/a><\/td>\n<\/tr>\n<tr>\n<td><strong>Ivan Milo\u0161evi\u0107<\/strong>, PhD<\/td>\n<td>Professor of Applied Studies<\/td>\n<td><a href=\"mailto:ivan.milosevic@vhs.edu.rs\">ivan.milosevic@vhs.edu.rs<\/a><\/td>\n<\/tr>\n<tr>\n<td><strong>Mihaela Lazovi\u0107<\/strong>, PhD<\/td>\n<td>Professor of Applied Studies<\/td>\n<td><a href=\"mailto:mihaela.lazovic@vhs.edu.rs\">mihaela.lazovic@vhs.edu.rs<\/a><\/td>\n<\/tr>\n<tr>\n<td><strong>Ana Kalu\u0161evi\u0107<\/strong>, PhD<\/td>\n<td>Senior Lecturer<\/td>\n<td><a href=\"mailto:ana.kalusevic@vhs.edu.rs\">ana.kalusevic@vhs.edu.rs<\/a><\/td>\n<\/tr>\n<tr>\n<td><strong>\u0110or\u0111e Stojanovi\u0107<\/strong>, PhD<\/td>\n<td>Senior Lecturer<\/td>\n<td><a href=\"mailto:djordje.stojanovic@vhs.edu.rs\">djordje.stojanovic@vhs.edu.rs<\/a><\/td>\n<\/tr>\n<tr>\n<td><strong>Milan Vuji\u0107<\/strong>, PhD<\/td>\n<td>Senior Lecturer<\/td>\n<td><a href=\"mailto:milan.vujic@vhs.edu.rs\">milan.vujic@vhs.edu.rs<\/a><\/td>\n<\/tr>\n<tr>\n<td><strong>Ana Lon\u010dar<\/strong>, mgr<\/td>\n<td>Language Teacher<\/td>\n<td><a href=\"mailto:ana.loncar@vhs.edu.rs\">ana.loncar@vhs.edu.rs<\/a><\/td>\n<\/tr>\n<tr>\n<td><strong>Danijela Stojanovi\u0107<\/strong>, MSc<\/td>\n<td>Teacher of Culinary Arts<\/td>\n<td><a href=\"mailto:danijela.stojanovic@vhs.edu.rs\">danijela.stojanovic@vhs.edu.rs<\/a><\/td>\n<\/tr>\n<tr>\n<td><strong>Milo\u0161 Zrni\u0107,\u00a0<\/strong>MSc<strong>\n<\/strong><\/td>\n<td>Teacher of Culinary Arts<\/td>\n<td><a href=\"mailto:milos.zrnic@vhs.edu.rs\">milos.zrnic@vhs.edu.rs<\/a><\/td>\n<\/tr>\n<tr>\n<td><strong>Mladen Pr\u0161i\u0107, MSc<\/strong><\/td>\n<td>Teacher of Culinary Arts<\/td>\n<td><a href=\"mailto:mladen.prsic@vhs.edu.rs\">mladen.prsic@vhs.edu.rs<\/a><\/td>\n<\/tr>\n<tr>\n<td><strong>Slobodan \u010cavi\u0107<\/strong>, MSc<\/td>\n<td>Teacher of Pastry Arts<\/td>\n<td><a href=\"mailto:slobodan.cavic@vhs.edu.rs\">slobodan.cavic@vhs.edu.rs<\/a><\/td>\n<\/tr>\n<tr>\n<td><strong>Petar Mini\u0107<\/strong>, MA<\/td>\n<td>Language Teacher<\/td>\n<td><a href=\"mailto:petar.minic@vhs.edu.rs\">petar.minic@vhs.edu.rs<\/a><\/td>\n<\/tr>\n<tr>\n<td><strong>Jovana Nikoli\u0107<\/strong>, MA<\/td>\n<td>Language Teacher<\/td>\n<td><a href=\"mailto:jovana.nikolic@vhs.edu.rs\">jovana.nikolic@vhs.edu.rs<\/a><\/td>\n<\/tr>\n<tr>\n<td><strong>Milo\u0161 \u0106iri\u0107<\/strong>, MSc<\/td>\n<td>Teacher of Culinary Arts<\/td>\n<td><a href=\"mailto:milos.ciric@vhs.edu.rs\">milos.ciric@vhs.edu.rs<\/a><\/td>\n<\/tr>\n<tr>\n<td><strong>Tamara Vuji\u0107<\/strong>, MSc<\/td>\n<td>Teacher of Restaurant Service<\/td>\n<td><a href=\"mailto:tamara.vujic@vhs.edu.rs\">tamara.vujic@vhs.edu.rs<\/a><\/td>\n<\/tr>\n<\/tbody>\n<\/table>\t\t\t\t\t\t\t\t<\/div>\n\t\t\t\t<\/div>\n\t\t\t\t\t<\/div>\n\t\t<\/div>\n\t\t\t\t\t<\/div>\n\t\t<\/section>\n\t\t\t\t<\/div>\n\t\t","protected":false},"excerpt":{"rendered":"<p>Name and Surname Titles E-mail Obren Drljevi\u0107, PhD Professor of Applied Studies obren.drljevic@vhs.edu.rs Miroslav Kne\u017eevi\u0107, PhD Professor of Applied Studies miroslav.knezevic@vhs.edu.rs Nada Diki\u0107, PhD Professor of Applied Studies nada.dikic@vhs.edu.rs Dragana \u0106amilovi\u0107, PhD Professor of Applied Studies dragana.camilovic@vhs.edu.rs Milena Vuki\u0107, PhD Professor of Applied Studies milena.vukic@vhs.edu.rs Ivana Lon\u010dar, PhD Professor of Applied Studies ivana.loncar@vhs.edu.rs Sa\u0161a Ma\u0161i\u0107, &hellip; <\/p>\n","protected":false},"author":1,"featured_media":0,"parent":0,"menu_order":0,"comment_status":"closed","ping_status":"closed","template":"","meta":{"footnotes":""},"class_list":["post-10595","page","type-page","status-publish","hentry"],"_links":{"self":[{"href":"https:\/\/assb.edu.rs\/en\/wp-json\/wp\/v2\/pages\/10595","targetHints":{"allow":["GET"]}}],"collection":[{"href":"https:\/\/assb.edu.rs\/en\/wp-json\/wp\/v2\/pages"}],"about":[{"href":"https:\/\/assb.edu.rs\/en\/wp-json\/wp\/v2\/types\/page"}],"author":[{"embeddable":true,"href":"https:\/\/assb.edu.rs\/en\/wp-json\/wp\/v2\/users\/1"}],"replies":[{"embeddable":true,"href":"https:\/\/assb.edu.rs\/en\/wp-json\/wp\/v2\/comments?post=10595"}],"version-history":[{"count":3,"href":"https:\/\/assb.edu.rs\/en\/wp-json\/wp\/v2\/pages\/10595\/revisions"}],"predecessor-version":[{"id":12080,"href":"https:\/\/assb.edu.rs\/en\/wp-json\/wp\/v2\/pages\/10595\/revisions\/12080"}],"wp:attachment":[{"href":"https:\/\/assb.edu.rs\/en\/wp-json\/wp\/v2\/media?parent=10595"}],"curies":[{"name":"wp","href":"https:\/\/api.w.org\/{rel}","templated":true}]}}