{"id":10589,"date":"2022-06-20T13:01:38","date_gmt":"2022-06-20T13:01:38","guid":{"rendered":"https:\/\/assb.edu.rs\/?page_id=10589"},"modified":"2024-10-16T08:57:08","modified_gmt":"2024-10-16T07:57:08","slug":"teaching-staff-the-college-of-tourism","status":"publish","type":"page","link":"https:\/\/assb.edu.rs\/en\/teaching-staff-the-college-of-tourism\/","title":{"rendered":"The College of Tourism"},"content":{"rendered":"\t\t<div data-elementor-type=\"wp-page\" data-elementor-id=\"10589\" class=\"elementor elementor-10589\" data-elementor-post-type=\"page\">\n\t\t\t\t\t\t<section class=\"elementor-section elementor-top-section elementor-element elementor-element-9384282 elementor-section-boxed elementor-section-height-default elementor-section-height-default\" data-id=\"9384282\" data-element_type=\"section\">\n\t\t\t\t\t\t<div class=\"elementor-container elementor-column-gap-default\">\n\t\t\t\t\t<div class=\"elementor-column elementor-col-100 elementor-top-column elementor-element elementor-element-9a4b759\" data-id=\"9a4b759\" data-element_type=\"column\">\n\t\t\t<div class=\"elementor-widget-wrap elementor-element-populated\">\n\t\t\t\t\t\t<div class=\"elementor-element elementor-element-1e1ae18 elementor-widget elementor-widget-text-editor\" data-id=\"1e1ae18\" data-element_type=\"widget\" data-widget_type=\"text-editor.default\">\n\t\t\t\t<div class=\"elementor-widget-container\">\n\t\t\t\t\t\t\t\t\t<table width=\"81%\"><tbody><tr><td><p><strong>Name and Surname<\/strong><\/p><\/td><td><p><strong>E-mail <\/strong><\/p><\/td><\/tr><tr><td><p><strong>Bojana Plemi\u0107, PhD<\/strong><br \/>Professor of Applied Studies<\/p><\/td><td><p><a href=\"mailto:bojana.plemic@assb.edu.rs\">bojana.plemic@assb.edu.rs<\/a><br \/><br \/><\/p><\/td><\/tr><tr><td><p><strong>Du\u0161an Ki\u0107ovi\u0107, PhD<\/strong><br \/>Professor of Applied Studies<\/p><\/td><td><p><a href=\"mailto:dusan.kicovic@assb.com\">dusan.kicovic@assb.com<\/a><br \/><br \/><\/p><\/td><\/tr><tr><td><p><strong>Dario \u0160imi\u010devi\u0107, PhD<\/strong><br \/>Professor of Applied Studies<\/p><\/td><td><p><a href=\"mailto:dario.simicevic@assb.edu.rs\">dario.simicevic@assb.edu.rs<\/a><br \/><br \/><\/p><\/td><\/tr><tr><td><p><strong>Georgi Genov, PhD<\/strong><br \/>Professor of Applied Studies<\/p><\/td><td><p><a href=\"mailto:georgi.genov@assb.edu.rs\">georgi.genov@assb.edu.rs<\/a><br \/><br \/><\/p><\/td><\/tr><tr><td><p><strong>Jelisaveta Vu\u010dkovi\u0107, PhD<\/strong><br \/>Professor of Applied Studies<\/p><\/td><td><p><a href=\"mailto:jelisaveta.vuckovic@assb.edu.rs\">jelisaveta.vuckovic@assb.edu.rs<\/a><br \/><br \/><\/p><\/td><\/tr><tr><td><p><strong>Maja \u0106osi\u0107, PhD<\/strong><br \/>Professor of Applied Studies<\/p><\/td><td><p><a href=\"mailto:maja.cosic@assb.edu.rs\">maja.cosic@assb.edu.rs<\/a><br \/><br \/><\/p><\/td><\/tr><tr><td><p><strong>Marija Najdi\u0107, PhD<\/strong><br \/>Professor of Applied Studies<\/p><\/td><td><p><a href=\"mailto:marija.najdic@assb.edu.rs\">marija.najdic@assb.edu.rs<\/a><br \/><br \/><\/p><\/td><\/tr><tr><td><p><strong>Mirjana Ili\u0107, PhD<\/strong><br \/>Professor of Applied Studies<\/p><\/td><td><p><a href=\"mailto:mirjana.ilic@assb.edu.rs\">mirjana.ilic@assb.edu.rs<\/a><br \/><br \/><\/p><\/td><\/tr><tr><td><p><strong>Miroslava Petrevska, PhD<\/strong><br \/>Professor of Applied Studies<\/p><\/td><td><p><a href=\"mailto:miroslava.petrevska@assb.edu.rs\">miroslava.petrevska@assb.edu.rs<\/a><br \/><br \/><\/p><\/td><\/tr><tr><td><p><strong>Renata Pind\u017eo, PhD<\/strong><br \/>Professor of Academic Studies<\/p><\/td><td><p><a href=\"mailto:renata.pindzo@assb.com\">renata.pindzo@assb.com<\/a><br \/><br \/><\/p><\/td><\/tr><tr><td><p><strong>Violeta To\u0161i\u0107, PhD<\/strong><br \/>Professor of Applied Studies<\/p><\/td><td><p><a href=\"mailto:violeta.tosic@assb.edu.rs\">violeta.tosic@assb.edu.rs<\/a><br \/><br \/><\/p><\/td><\/tr><tr><td><p><strong>Aleksandra Tornjanski, PhD<\/strong><br \/>Senior Lecturer<\/p><\/td><td><p><a href=\"mailto:aleksandra.tornjanski@assb.edu.rs\">aleksandra.tornjanski@assb.edu.rs<\/a><br \/><br \/><\/p><\/td><\/tr><tr><td><p><strong>Emilija Lipov\u0161ek, PhD<\/strong><br \/>Senior Lecturer<\/p><\/td><td><p><a href=\"mailto:emilija.lipovsek@assb.edu.rs\">emilija.lipovsek@assb.edu.rs<\/a><br \/><br \/><\/p><\/td><\/tr><tr><td><p><strong>Milina Kosanovi\u0107, PhD<\/strong><br \/>Senior Lecturer<\/p><\/td><td><p><a href=\"mailto:milina.kosanovic@assb.edu.rs\">milina.kosanovic@assb.edu.rs<\/a><br \/><br \/><\/p><\/td><\/tr><tr><td><p><strong>Smiljka Kesi\u0107, PhD<\/strong><br \/>Senior Lecturer<\/p><\/td><td><p><a href=\"mailto:smiljka.kesic@assb.edu.rs\">smiljka.kesic@assb.edu.rs<\/a><br \/><br \/><\/p><\/td><\/tr><tr><td><p><strong>Ivana Stojanovi\u0107, PhD<\/strong><br \/>Lecturer<\/p><\/td><td><p><a href=\"mailto:ivana.stojanovic@assb.edu.rs\">ivana.stojanovic@assb.edu.rs<\/a><br \/><br \/><\/p><\/td><\/tr><tr><td><p><strong>Jasmina Lekovi\u0107, Mag. Sc<\/strong><br \/>Lecturer<\/p><\/td><td><p><a href=\"mailto:jasmina.lekovic@assb.edu.rs\">jasmina.lekovic@assb.edu.rs<\/a><br \/><br \/><\/p><\/td><\/tr><tr><td><p><strong>Ma\u0161a Polillo, Mag. Phil<\/strong><br \/>Lecturer<\/p><\/td><td><p><a href=\"mailto:masa.polillo@assb.edu.rs\">masa.polillo@assb.edu.rs<\/a> <br \/><br \/><\/p><\/td><\/tr><tr><td><p><strong>Milenko \u0110uri\u0107, Mag. Sc<\/strong><br \/>Lecturer<\/p><\/td><td><p><a href=\"mailto:milenko.djuric@assb.edu.rs\">milenko.djuric@assb.edu.rs<\/a><br \/><br \/><\/p><\/td><\/tr><tr><td><p><strong>Milo\u0161 Nici\u0107, Mag. Sc<\/strong><br \/>Lecturer<\/p><\/td><td><p><a href=\"mailto:milos.nicic@assb.com\">milos.nicic@assb.com<\/a><br \/><br \/><\/p><\/td><\/tr><tr><td><p><strong>Vladimir Pavkovi\u0107, PhD<\/strong><br \/>Lecturer<\/p><\/td><td><p><a href=\"mailto:vladimir.pavkovic@assb.edu.rs\">vladimir.pavkovic@assb.edu.rs<\/a><br \/><br \/><\/p><\/td><\/tr><tr><td><p><strong>Jelena Milo\u0161evi\u0107, MA<\/strong><\/p><p>Language Teacher<br \/><br \/><\/p><\/td><td><p><a href=\"mailto:jelena.milosevic@assb.edu.rs\">jelena.milosevic@assb.edu.rs<\/a><br \/><br \/><\/p><\/td><\/tr><tr><td><p><strong>Milana Borkovi\u0107, MA<\/strong><\/p><p>Language Teacher<br \/><br \/><\/p><\/td><td><p><a href=\"mailto:milana.borkovic@assb.edu.rs\">milana.borkovic@assb.edu.rs<\/a><br \/><br \/><\/p><\/td><\/tr><tr><td><p><strong>Goran Jevi\u0107, PhD<\/strong><\/p><p>Lecturer<\/p><\/td><td><p><a href=\"mailto:goran.jevic@assb.edu.rs\">goran.jevic@assb.edu.rs<\/a><br \/><br \/><\/p><\/td><\/tr><tr><td><p><strong>Jelena Jevi\u0107, PhD<\/strong><\/p><p>Lecturer<\/p><\/td><td><p><a href=\"mailto:jelena.jevic@assb.edu.rs\">jelena.jevic@assb.edu.rs<\/a><\/p><\/td><\/tr><tr><td><p><strong>An\u0111elka \u0160tili\u0107, PhD<\/strong><\/p><p>Senior Lecturer<\/p><\/td><td><p><a href=\"mailto:andelka.stilic@assb.edu.rs\">andelka.stilic@assb.edu.rs<\/a><br \/><br \/><\/p><\/td><\/tr><tr><td><p><strong>Jelena Stefanovi\u0107,MA<\/strong><\/p><p>Teaching Assistent<\/p><\/td><td><p><a href=\"mailto:jelena.stefanovic@assb.edu.rs\">jelena.stefanovic@assb.edu.rs<\/a><\/p><p>\u00a0<\/p><\/td><\/tr><\/tbody><\/table>\t\t\t\t\t\t\t\t<\/div>\n\t\t\t\t<\/div>\n\t\t\t\t\t<\/div>\n\t\t<\/div>\n\t\t\t\t\t<\/div>\n\t\t<\/section>\n\t\t\t\t<\/div>\n\t\t","protected":false},"excerpt":{"rendered":"<p>Name and Surname E-mail Bojana Plemi\u0107, PhDProfessor of Applied Studies bojana.plemic@assb.edu.rs Du\u0161an Ki\u0107ovi\u0107, PhDProfessor of Applied Studies dusan.kicovic@assb.com Dario \u0160imi\u010devi\u0107, PhDProfessor of Applied Studies dario.simicevic@assb.edu.rs Georgi Genov, PhDProfessor of Applied Studies georgi.genov@assb.edu.rs Jelisaveta Vu\u010dkovi\u0107, PhDProfessor of Applied Studies jelisaveta.vuckovic@assb.edu.rs Maja \u0106osi\u0107, PhDProfessor of Applied Studies maja.cosic@assb.edu.rs Marija Najdi\u0107, PhDProfessor of Applied Studies marija.najdic@assb.edu.rs Mirjana Ili\u0107, &hellip; <\/p>\n","protected":false},"author":1,"featured_media":0,"parent":0,"menu_order":0,"comment_status":"closed","ping_status":"closed","template":"","meta":{"footnotes":""},"class_list":["post-10589","page","type-page","status-publish","hentry"],"_links":{"self":[{"href":"https:\/\/assb.edu.rs\/en\/wp-json\/wp\/v2\/pages\/10589","targetHints":{"allow":["GET"]}}],"collection":[{"href":"https:\/\/assb.edu.rs\/en\/wp-json\/wp\/v2\/pages"}],"about":[{"href":"https:\/\/assb.edu.rs\/en\/wp-json\/wp\/v2\/types\/page"}],"author":[{"embeddable":true,"href":"https:\/\/assb.edu.rs\/en\/wp-json\/wp\/v2\/users\/1"}],"replies":[{"embeddable":true,"href":"https:\/\/assb.edu.rs\/en\/wp-json\/wp\/v2\/comments?post=10589"}],"version-history":[{"count":3,"href":"https:\/\/assb.edu.rs\/en\/wp-json\/wp\/v2\/pages\/10589\/revisions"}],"predecessor-version":[{"id":14944,"href":"https:\/\/assb.edu.rs\/en\/wp-json\/wp\/v2\/pages\/10589\/revisions\/14944"}],"wp:attachment":[{"href":"https:\/\/assb.edu.rs\/en\/wp-json\/wp\/v2\/media?parent=10589"}],"curies":[{"name":"wp","href":"https:\/\/api.w.org\/{rel}","templated":true}]}}